{"id":100000000001699,"date":"2025-08-01T15:11:59","date_gmt":"2025-08-01T13:11:59","guid":{"rendered":"https:\/\/paltinul-new.scrinternal.ro\/?page_id=100000000001699"},"modified":"2025-08-01T15:11:59","modified_gmt":"2025-08-01T13:11:59","slug":"creeaza-cont","status":"publish","type":"page","link":"https:\/\/paltinul.ro\/en\/creeaza-cont\/","title":{"rendered":"(Rom\u00e2n\u0103) Creeaz\u0103 cont"},"content":{"rendered":"","protected":false},"excerpt":{"rendered":"","protected":false},"author":3,"featured_media":0,"parent":0,"menu_order":0,"comment_status":"closed","ping_status":"closed","template":"page-templates\/page-register.php","meta":{"_acf_changed":false,"inline_featured_image":false,"footnotes":""},"class_list":["post-100000000001699","page","type-page","status-publish","hentry"],"acf":[],"_links":{"self":[{"href":"https:\/\/paltinul.ro\/en\/wp-json\/wp\/v2\/pages\/100000000001699","targetHints":{"allow":["GET"]}}],"collection":[{"href":"https:\/\/paltinul.ro\/en\/wp-json\/wp\/v2\/pages"}],"about":[{"href":"https:\/\/paltinul.ro\/en\/wp-json\/wp\/v2\/types\/page"}],"author":[{"embeddable":true,"href":"https:\/\/paltinul.ro\/en\/wp-json\/wp\/v2\/users\/3"}],"replies":[{"embeddable":true,"href":"https:\/\/paltinul.ro\/en\/wp-json\/wp\/v2\/comments?post=100000000001699"}],"version-history":[{"count":1,"href":"https:\/\/paltinul.ro\/en\/wp-json\/wp\/v2\/pages\/100000000001699\/revisions"}],"predecessor-version":[{"id":100000000001700,"href":"https:\/\/paltinul.ro\/en\/wp-json\/wp\/v2\/pages\/100000000001699\/revisions\/100000000001700"}],"wp:attachment":[{"href":"https:\/\/paltinul.ro\/en\/wp-json\/wp\/v2\/media?parent=100000000001699"}],"curies":[{"name":"wp","href":"https:\/\/api.w.org\/{rel}","templated":true}]}}