{"id":100000000000716,"date":"2017-05-19T15:26:45","date_gmt":"2017-05-19T13:26:45","guid":{"rendered":"http:\/\/paltinul.ro\/en\/?page_id=100000000000716"},"modified":"2025-08-01T15:00:29","modified_gmt":"2025-08-01T13:00:29","slug":"property-management","status":"publish","type":"page","link":"https:\/\/paltinul.ro\/en\/property-management\/","title":{"rendered":"Property Management"},"content":{"rendered":"<p>[vc_row full_width=&#8221;stretch_row&#8221; gap=&#8221;30&#8243; full_height=&#8221;yes&#8221; content_placement=&#8221;middle&#8221; parallax=&#8221;content-moving&#8221; parallax_image=&#8221;100000000000619&#8243; parallax_speed_bg=&#8221;1&#8243; css=&#8221;.vc_custom_1491558949489{margin-top: -100px !important;}&#8221;][vc_column][vc_column_text]<\/p>\n<p style=\"font-family: roboto; font-size: 55px; font-weight: 600; line-height: 100%; text-align: center;\"><span style=\"color: #d3a128;\">SERVICII <\/span><span style=\"color: #205c32;\">IMOBILIARE<\/span><\/p>\n<p>[\/vc_column_text][vc_custom_heading text=&#8221;Ne bucur\u0103 interesul t\u0103u pentru servicii imobiliare \u0219i vrem s\u0103-\u021bi prezent\u0103m \u00een aceast\u0103 pagin\u0103 servicii imobiliare cu un caracter aparte pe pia\u021ba imobiliar\u0103 din Sibiu, pe care activ\u0103m \u00eenc\u0103 din anul 2002. A\u0219adar, dac\u0103 e\u0219ti \u00een c\u0103utarea unui partener de \u00eencredere, e\u0219ti mai aproape de rezultat, dec\u00e2t te-ai fi a\u0219teptat.&#8221; font_container=&#8221;tag:h2|font_size:20|text_align:center|color:%23205c32&#8243; google_fonts=&#8221;font_family:Roboto%3A100%2C100italic%2C300%2C300italic%2Cregular%2Citalic%2C500%2C500italic%2C700%2C700italic%2C900%2C900italic|font_style:400%20regular%3A400%3Anormal&#8221;][vc_row_inner css=&#8221;.vc_custom_1491815602778{border-top-width: 1px !important;padding-top: 10px !important;border-top-color: #ffffff !important;border-top-style: solid !important;}&#8221;][vc_column_inner][\/vc_column_inner][\/vc_row_inner][\/vc_column][\/vc_row][vc_row el_id=&#8221;mngmnt&#8221; css=&#8221;.vc_custom_1491561525181{border-bottom-width: 1px !important;padding-bottom: 10px !important;border-bottom-color: #f2f2f2 !important;border-bottom-style: solid !important;}&#8221;][vc_column][vc_empty_space][vc_custom_heading text=&#8221;MANAGEMENTUL PROPRIET\u0102\u0162II&#8221; font_container=&#8221;tag:h2|font_size:22|text_align:center|color:%23205c32|line_height:1.7&#8243; google_fonts=&#8221;font_family:Roboto%3A100%2C100italic%2C300%2C300italic%2Cregular%2Citalic%2C500%2C500italic%2C700%2C700italic%2C900%2C900italic|font_style:500%20bold%20regular%3A500%3Anormal&#8221;][vc_custom_heading text=&#8221;Serviciul este dedicat celor ce au f\u0103cut o investi\u021bie imobiliar\u0103 sau au dob\u00e2ndit o proprietate (mo\u0219tenire, dona\u021bie sau alt\u0103 form\u0103) \u0219i vor s\u0103-\u0219i ob\u021bin\u0103 venituri, dar totodat\u0103 se se bucure de timp \u0219i s\u0103 nu aib\u0103 b\u0103t\u0103i de cap.&#8221; font_container=&#8221;tag:h2|font_size:18|text_align:center|line_height:1.7&#8243; google_fonts=&#8221;font_family:Roboto%3A100%2C100italic%2C300%2C300italic%2Cregular%2Citalic%2C500%2C500italic%2C700%2C700italic%2C900%2C900italic|font_style:300%20light%20regular%3A300%3Anormal&#8221;][\/vc_column][\/vc_row][vc_row][vc_column][vc_custom_heading text=&#8221;Ce vom face noi pentru tine?&#8221; font_container=&#8221;tag:h2|font_size:18|text_align:center|color:%23205c32|line_height:1.7&#8243; google_fonts=&#8221;font_family:Roboto%3A100%2C100italic%2C300%2C300italic%2Cregular%2Citalic%2C500%2C500italic%2C700%2C700italic%2C900%2C900italic|font_style:400%20regular%3A400%3Anormal&#8221;][vc_empty_space height=&#8221;10px&#8221;][\/vc_column][\/vc_row][vc_row gap=&#8221;30&#8243;][vc_column width=&#8221;1\/2&#8243;][vc_row_inner][vc_column_inner width=&#8221;1\/4&#8243;][vc_icon icon_fontawesome=&#8221;fa fa-user-plus&#8221; color=&#8221;custom&#8221; background_style=&#8221;rounded-outline&#8221; background_color=&#8221;custom&#8221; custom_color=&#8221;#205c32&#8243; custom_background_color=&#8221;#205c32&#8243;][\/vc_column_inner][vc_column_inner width=&#8221;3\/4&#8243;][vc_column_text]\u00ce\u021bi g\u0103sim chiria\u0219i pe care \u00eei verific\u0103m, a\u015fa ne asigur\u0103m c\u0103 nu vei avea surprize nepl\u0103cute.[\/vc_column_text][\/vc_column_inner][\/vc_row_inner][vc_row_inner][vc_column_inner width=&#8221;1\/4&#8243;][vc_icon icon_fontawesome=&#8221;fa fa-life-ring&#8221; color=&#8221;custom&#8221; background_style=&#8221;rounded-outline&#8221; background_color=&#8221;custom&#8221; custom_color=&#8221;#205c32&#8243; custom_background_color=&#8221;#205c32&#8243;][\/vc_column_inner][vc_column_inner width=&#8221;3\/4&#8243;][vc_column_text]Ne ocup\u0103m de \u00eencasarea chiriei \u0219i plata utilit\u0103\u021bilor, astfel \u00eenc\u00e2t toate cheltuielile de \u00eentre\u021binere s\u0103 fie achitate la zi, s\u0103 nu apar\u0103 \u00eent\u00e2rzieri, penalit\u0103\u021bi sau chiar debran\u0219\u0103ri datorat\u0103 \u00eent\u00e2rzierilor la plata utilit\u0103\u021bilor.[\/vc_column_text][\/vc_column_inner][\/vc_row_inner][\/vc_column][vc_column width=&#8221;1\/2&#8243;][vc_row_inner][vc_column_inner width=&#8221;1\/4&#8243;][vc_icon icon_fontawesome=&#8221;fa fa-wrench&#8221; color=&#8221;custom&#8221; background_style=&#8221;rounded-outline&#8221; background_color=&#8221;custom&#8221; custom_color=&#8221;#205c32&#8243; custom_background_color=&#8221;#205c32&#8243;][\/vc_column_inner][vc_column_inner width=&#8221;3\/4&#8243;][vc_column_text]Ne ocup\u0103m de micile repara\u021bii \u0219i \u00eentre\u021binerea imobilului pentru a nu se degrada.[\/vc_column_text][\/vc_column_inner][\/vc_row_inner][vc_row_inner][vc_column_inner width=&#8221;1\/4&#8243;][vc_icon icon_fontawesome=&#8221;fa fa-shield&#8221; color=&#8221;custom&#8221; background_style=&#8221;rounded-outline&#8221; background_color=&#8221;custom&#8221; custom_color=&#8221;#205c32&#8243; custom_background_color=&#8221;#205c32&#8243;][\/vc_column_inner][vc_column_inner width=&#8221;3\/4&#8243;][vc_column_text]Ne ocup\u0103m de asigurarea imobilului, dar \u0219i de eventualele dosare de daune dac\u0103 apar astfel de incidente nefericite. Toate imobilele pe care le lu\u0103m \u00een administrare sunt asigurate.[\/vc_column_text][\/vc_column_inner][\/vc_row_inner][\/vc_column][\/vc_row][vc_row][vc_column][vc_empty_space height=&#8221;10px&#8221;][\/vc_column][\/vc_row][vc_row full_width=&#8221;stretch_row&#8221; css=&#8221;.vc_custom_1491831108540{padding-top: 20px !important;padding-bottom: 20px !important;background-color: #205c32 !important;}&#8221;][vc_column width=&#8221;1\/3&#8243;][vc_custom_heading text=&#8221;C\u00e2t te cost\u0103?&#8221; font_container=&#8221;tag:h2|font_size:22|text_align:left|color:%23ffffff|line_height:1.7&#8243; google_fonts=&#8221;font_family:Roboto%3A100%2C100italic%2C300%2C300italic%2Cregular%2Citalic%2C500%2C500italic%2C700%2C700italic%2C900%2C900italic|font_style:400%20regular%3A400%3Anormal&#8221;][vc_column_text]<span style=\"color: #ffffff;\">Pentru a beneficia de serviciul de Management al Propriet\u0103\u021bii trebuie s\u0103 \u00eencheiem un contract de reprezentare pentru care vei pl\u0103ti un comision procentual din chiria lunar\u0103. Dac\u0103 imobilul va fi ne\u00eenchiriat vei pl\u0103ti o tax\u0103 minim\u0103 lunar\u0103 pentru perioada \u00een care \u00ee\u021bi vom c\u0103uta chiria\u0219i.<\/span>[\/vc_column_text][\/vc_column][vc_column width=&#8221;1\/3&#8243;][vc_single_image image=&#8221;100000000000742&#8243; img_size=&#8221;full&#8221; alignment=&#8221;center&#8221;][\/vc_column][vc_column width=&#8221;1\/3&#8243; css=&#8221;.vc_custom_1491831047831{border: 1px solid #f7f7f7 !important;}&#8221;][vc_custom_heading text=&#8221;Mai ai \u00eentreb\u0103ri?&#8221; font_container=&#8221;tag:h2|font_size:18|text_align:center|color:%23ffffff|line_height:1.7&#8243; google_fonts=&#8221;font_family:Roboto%3A100%2C100italic%2C300%2C300italic%2Cregular%2Citalic%2C500%2C500italic%2C700%2C700italic%2C900%2C900italic|font_style:400%20regular%3A400%3Anormal&#8221;][vc_column_text]<\/p>\n<p style=\"text-align: center;\"><span style=\"color: #ffffff;\">Contacteaz\u0103-ne acum pentru a stabili o \u00eent\u00e2lnire \u0219i vei beneficia de o evaluare imobiliar\u0103 gratuit\u0103.<\/span><\/p>\n<p>[\/vc_column_text][vc_btn title=&#8221;CONTACT&#8221; style=&#8221;flat&#8221; shape=&#8221;square&#8221; color=&#8221;orange&#8221; align=&#8221;center&#8221; button_block=&#8221;true&#8221; link=&#8221;url:http%3A%2F%2Fpaltinul.ro%2Fcontact%2F|||&#8221;][\/vc_column][\/vc_row]<\/p>\n","protected":false},"excerpt":{"rendered":"<p>[vc_row full_width=&#8221;stretch_row&#8221; gap=&#8221;30&#8243; full_height=&#8221;yes&#8221; content_placement=&#8221;middle&#8221; parallax=&#8221;content-moving&#8221; parallax_image=&#8221;100000000000619&#8243; parallax_speed_bg=&#8221;1&#8243; css=&#8221;.vc_custom_1491558949489{margin-top: -100px !important;}&#8221;][vc_column][vc_column_text] SERVICII IMOBILIARE [\/vc_column_text][vc_custom_heading text=&#8221;Ne bucur\u0103 interesul t\u0103u pentru servicii imobiliare \u0219i vrem s\u0103-\u021bi prezent\u0103m \u00een aceast\u0103 pagin\u0103 servicii imobiliare cu un caracter aparte pe pia\u021ba imobiliar\u0103 din Sibiu, pe care activ\u0103m \u00eenc\u0103 din anul 2002. A\u0219adar, dac\u0103 e\u0219ti \u00een c\u0103utarea unui partener de \u00eencredere, [&hellip;]<\/p>\n","protected":false},"author":1,"featured_media":0,"parent":0,"menu_order":0,"comment_status":"closed","ping_status":"closed","template":"page-templates\/property_management.php","meta":{"_acf_changed":false,"inline_featured_image":false,"footnotes":""},"class_list":["post-100000000000716","page","type-page","status-publish","hentry"],"acf":[],"_links":{"self":[{"href":"https:\/\/paltinul.ro\/en\/wp-json\/wp\/v2\/pages\/100000000000716","targetHints":{"allow":["GET"]}}],"collection":[{"href":"https:\/\/paltinul.ro\/en\/wp-json\/wp\/v2\/pages"}],"about":[{"href":"https:\/\/paltinul.ro\/en\/wp-json\/wp\/v2\/types\/page"}],"author":[{"embeddable":true,"href":"https:\/\/paltinul.ro\/en\/wp-json\/wp\/v2\/users\/1"}],"replies":[{"embeddable":true,"href":"https:\/\/paltinul.ro\/en\/wp-json\/wp\/v2\/comments?post=100000000000716"}],"version-history":[{"count":7,"href":"https:\/\/paltinul.ro\/en\/wp-json\/wp\/v2\/pages\/100000000000716\/revisions"}],"predecessor-version":[{"id":100000000001681,"href":"https:\/\/paltinul.ro\/en\/wp-json\/wp\/v2\/pages\/100000000000716\/revisions\/100000000001681"}],"wp:attachment":[{"href":"https:\/\/paltinul.ro\/en\/wp-json\/wp\/v2\/media?parent=100000000000716"}],"curies":[{"name":"wp","href":"https:\/\/api.w.org\/{rel}","templated":true}]}}